{"id":28315,"date":"2016-12-16T16:23:19","date_gmt":"2016-12-16T20:23:19","guid":{"rendered":"http:\/\/www.yungayino.cl\/noticias\/?page_id=28315"},"modified":"2023-04-30T00:23:58","modified_gmt":"2023-04-30T04:23:58","slug":"vision","status":"publish","type":"page","link":"https:\/\/www.yungayino.cl\/noticias\/?page_id=28315","title":{"rendered":"Visi\u00f3n"},"content":{"rendered":"<p><img loading=\"lazy\" decoding=\"async\" class=\"size-full wp-image-7147\" src=\"http:\/\/www.yungayino.cl\/noticias\/wp-content\/uploads\/2012\/01\/yungayino_logo.jpg\" alt=\"YUNGAYINO.CL - El Portal de Yungay\" width=\"500\" height=\"156\" srcset=\"https:\/\/www.yungayino.cl\/noticias\/wp-content\/uploads\/2012\/01\/yungayino_logo.jpg 500w, https:\/\/www.yungayino.cl\/noticias\/wp-content\/uploads\/2012\/01\/yungayino_logo-300x93.jpg 300w, https:\/\/www.yungayino.cl\/noticias\/wp-content\/uploads\/2012\/01\/yungayino_logo-480x150.jpg 480w\" sizes=\"auto, (max-width: 500px) 100vw, 500px\" \/><\/p>\n<h1>Visi\u00f3n<\/h1>\n<blockquote>\n<h3>Ser el reflejo del quehacer comunal, dejando informaci\u00f3n relevante para los habitantes y quienes quieran saber m\u00e1s de nuestra comuna.<\/h3>\n<\/blockquote>\n","protected":false},"excerpt":{"rendered":"<p>Visi\u00f3n Ser el reflejo del quehacer comunal, dejando informaci\u00f3n relevante para los habitantes y quienes quieran saber m\u00e1s de nuestra comuna.<\/p>\n","protected":false},"author":1,"featured_media":0,"parent":0,"menu_order":0,"comment_status":"closed","ping_status":"closed","template":"","meta":{"footnotes":""},"class_list":["post-28315","page","type-page","status-publish","hentry"],"_links":{"self":[{"href":"https:\/\/www.yungayino.cl\/noticias\/index.php?rest_route=\/wp\/v2\/pages\/28315","targetHints":{"allow":["GET"]}}],"collection":[{"href":"https:\/\/www.yungayino.cl\/noticias\/index.php?rest_route=\/wp\/v2\/pages"}],"about":[{"href":"https:\/\/www.yungayino.cl\/noticias\/index.php?rest_route=\/wp\/v2\/types\/page"}],"author":[{"embeddable":true,"href":"https:\/\/www.yungayino.cl\/noticias\/index.php?rest_route=\/wp\/v2\/users\/1"}],"replies":[{"embeddable":true,"href":"https:\/\/www.yungayino.cl\/noticias\/index.php?rest_route=%2Fwp%2Fv2%2Fcomments&post=28315"}],"version-history":[{"count":1,"href":"https:\/\/www.yungayino.cl\/noticias\/index.php?rest_route=\/wp\/v2\/pages\/28315\/revisions"}],"predecessor-version":[{"id":28316,"href":"https:\/\/www.yungayino.cl\/noticias\/index.php?rest_route=\/wp\/v2\/pages\/28315\/revisions\/28316"}],"wp:attachment":[{"href":"https:\/\/www.yungayino.cl\/noticias\/index.php?rest_route=%2Fwp%2Fv2%2Fmedia&parent=28315"}],"curies":[{"name":"wp","href":"https:\/\/api.w.org\/{rel}","templated":true}]}}